{"id":54,"date":"2018-05-09T23:51:07","date_gmt":"2018-05-09T21:51:07","guid":{"rendered":"http:\/\/szkolka-roslin.eu\/?page_id=54"},"modified":"2020-02-17T16:45:12","modified_gmt":"2020-02-17T15:45:12","slug":"oferta","status":"publish","type":"page","link":"https:\/\/szkolka-roslin.eu\/?page_id=54","title":{"rendered":"Oferta"},"content":{"rendered":"<p>Zapytania ofertowe prosz\u0119 wysy\u0142a\u0107 pod adres:<\/p>\n<p><a href=\"mailto:biuro@szkolka-roslin.eu\">biuro@szkolka-roslin.eu<\/a><\/p>\n<p><a href=\"mailto:mazur05@onet.eu\">mazur05@onet.eu<\/a><\/p>\n<p>&nbsp;<\/p>\n<p>lub telefonicznie<\/p>\n<p>&nbsp;<\/p>\n<p>+48 450-08-1944<\/p>\n<p>+48 667-701-471<\/p>\n<p>&nbsp;<\/p>\n<p>&nbsp;<\/p>\n<p>&nbsp;<\/p>\n<p>&nbsp;<\/p>\n<p>&nbsp;<\/p>\n","protected":false},"excerpt":{"rendered":"<p>Zapytania ofertowe prosz\u0119 wysy\u0142a\u0107 pod adres: biuro@szkolka-roslin.eu mazur05@onet.eu &nbsp; lub telefonicznie &nbsp; +48 450-08-1944 +48 667-701-471 &nbsp; &nbsp; &nbsp; &nbsp; &nbsp;<\/p>\n","protected":false},"author":1,"featured_media":43,"parent":0,"menu_order":0,"comment_status":"closed","ping_status":"closed","template":"","meta":{"_monsterinsights_skip_tracking":false,"_monsterinsights_sitenote_active":false,"_monsterinsights_sitenote_note":"","_monsterinsights_sitenote_category":0},"_links":{"self":[{"href":"https:\/\/szkolka-roslin.eu\/index.php?rest_route=\/wp\/v2\/pages\/54"}],"collection":[{"href":"https:\/\/szkolka-roslin.eu\/index.php?rest_route=\/wp\/v2\/pages"}],"about":[{"href":"https:\/\/szkolka-roslin.eu\/index.php?rest_route=\/wp\/v2\/types\/page"}],"author":[{"embeddable":true,"href":"https:\/\/szkolka-roslin.eu\/index.php?rest_route=\/wp\/v2\/users\/1"}],"replies":[{"embeddable":true,"href":"https:\/\/szkolka-roslin.eu\/index.php?rest_route=%2Fwp%2Fv2%2Fcomments&post=54"}],"version-history":[{"count":10,"href":"https:\/\/szkolka-roslin.eu\/index.php?rest_route=\/wp\/v2\/pages\/54\/revisions"}],"predecessor-version":[{"id":155,"href":"https:\/\/szkolka-roslin.eu\/index.php?rest_route=\/wp\/v2\/pages\/54\/revisions\/155"}],"wp:featuredmedia":[{"embeddable":true,"href":"https:\/\/szkolka-roslin.eu\/index.php?rest_route=\/wp\/v2\/media\/43"}],"wp:attachment":[{"href":"https:\/\/szkolka-roslin.eu\/index.php?rest_route=%2Fwp%2Fv2%2Fmedia&parent=54"}],"curies":[{"name":"wp","href":"https:\/\/api.w.org\/{rel}","templated":true}]}}