{"id":7,"date":"2018-05-09T22:47:58","date_gmt":"2018-05-09T20:47:58","guid":{"rendered":"http:\/\/szkolka-roslin.eu\/?page_id=7"},"modified":"2020-09-09T13:52:17","modified_gmt":"2020-09-09T11:52:17","slug":"strona-glowna","status":"publish","type":"page","link":"https:\/\/szkolka-roslin.eu\/","title":{"rendered":"Mazurska Szk\u00f3\u0142ka Ro\u015blin Ozdobnych"},"content":{"rendered":"<p>&nbsp;<\/p>\n<h1 style=\"text-align: center;\"><strong>Witamy na stronie Mazurskiej Szk\u00f3\u0142ki Krzew\u00f3w Ozdobnych w Sadunach !<\/strong><\/h1>\n<p>&nbsp;<\/p>\n<p>&nbsp;<\/p>\n<p><img loading=\"lazy\" class=\"wp-image-150 aligncenter\" src=\"https:\/\/szkolka-roslin.eu\/wp-content\/uploads\/2019\/09\/IMG_2405-300x151.jpg\" alt=\"\" width=\"676\" height=\"340\" srcset=\"https:\/\/szkolka-roslin.eu\/wp-content\/uploads\/2019\/09\/IMG_2405-300x151.jpg 300w, https:\/\/szkolka-roslin.eu\/wp-content\/uploads\/2019\/09\/IMG_2405-768x386.jpg 768w, https:\/\/szkolka-roslin.eu\/wp-content\/uploads\/2019\/09\/IMG_2405-520x261.jpg 520w, https:\/\/szkolka-roslin.eu\/wp-content\/uploads\/2019\/09\/IMG_2405-740x372.jpg 740w, https:\/\/szkolka-roslin.eu\/wp-content\/uploads\/2019\/09\/IMG_2405.jpg 800w\" sizes=\"(max-width: 676px) 100vw, 676px\" \/><\/p>\n","protected":false},"excerpt":{"rendered":"<p>&nbsp; Witamy na stronie Mazurskiej Szk\u00f3\u0142ki Krzew\u00f3w Ozdobnych w Sadunach ! &nbsp; &nbsp;<\/p>\n","protected":false},"author":1,"featured_media":0,"parent":0,"menu_order":0,"comment_status":"closed","ping_status":"closed","template":"","meta":{"_monsterinsights_skip_tracking":false,"_monsterinsights_sitenote_active":false,"_monsterinsights_sitenote_note":"","_monsterinsights_sitenote_category":0},"_links":{"self":[{"href":"https:\/\/szkolka-roslin.eu\/index.php?rest_route=\/wp\/v2\/pages\/7"}],"collection":[{"href":"https:\/\/szkolka-roslin.eu\/index.php?rest_route=\/wp\/v2\/pages"}],"about":[{"href":"https:\/\/szkolka-roslin.eu\/index.php?rest_route=\/wp\/v2\/types\/page"}],"author":[{"embeddable":true,"href":"https:\/\/szkolka-roslin.eu\/index.php?rest_route=\/wp\/v2\/users\/1"}],"replies":[{"embeddable":true,"href":"https:\/\/szkolka-roslin.eu\/index.php?rest_route=%2Fwp%2Fv2%2Fcomments&post=7"}],"version-history":[{"count":8,"href":"https:\/\/szkolka-roslin.eu\/index.php?rest_route=\/wp\/v2\/pages\/7\/revisions"}],"predecessor-version":[{"id":165,"href":"https:\/\/szkolka-roslin.eu\/index.php?rest_route=\/wp\/v2\/pages\/7\/revisions\/165"}],"wp:attachment":[{"href":"https:\/\/szkolka-roslin.eu\/index.php?rest_route=%2Fwp%2Fv2%2Fmedia&parent=7"}],"curies":[{"name":"wp","href":"https:\/\/api.w.org\/{rel}","templated":true}]}}