{"id":9,"date":"2018-05-09T22:47:58","date_gmt":"2018-05-09T20:47:58","guid":{"rendered":"http:\/\/szkolka-roslin.eu\/?page_id=9"},"modified":"2020-12-26T17:47:31","modified_gmt":"2020-12-26T16:47:31","slug":"kontakt","status":"publish","type":"page","link":"https:\/\/szkolka-roslin.eu\/?page_id=9","title":{"rendered":"Kontakt"},"content":{"rendered":"<p>Nasza szk\u00f3\u0142ka znajduje si\u0119 na Mazurach w miejscowo\u015bci Saduny, nieopodal miasta K\u0119trzyn. Od lat zajmujemy si\u0119 dostarczaniem na rynek krzew\u00f3w oraz drzew ozdobnych. Oferujemy tylko ro\u015bliny o najwy\u017cszej jako\u015bci. Prowadzimy sprzeda\u017c ro\u015blin iglastych na terenie ca\u0142ego kraju, a tak\u017ce za granic\u0105, w Europie i Kanadzie.<\/p>\n<p>Zapraszamy Pa\u0144stwa do naszej Szk\u00f3\u0142ki.<\/p>\n<p><a href=\"mailto:mazur05@onet.eu\">mazur05@onet.eu<\/a><\/p>\n<p><a href=\"mailto:biuro@szkolka-roslin.eu\">biuro@szkolka-roslin.eu<\/a><\/p>\n<p>+48 450-08-1944<\/p>\n<p>+48 667-701-471<\/p>\n","protected":false},"excerpt":{"rendered":"<p>Nasza szk\u00f3\u0142ka znajduje si\u0119 na Mazurach w miejscowo\u015bci Saduny, nieopodal miasta K\u0119trzyn. Od lat zajmujemy si\u0119 dostarczaniem na rynek krzew\u00f3w oraz drzew ozdobnych. Oferujemy tylko ro\u015bliny o najwy\u017cszej jako\u015bci. Prowadzimy sprzeda\u017c ro\u015blin iglastych na terenie<a class=\"read-more\" href=\"https:\/\/szkolka-roslin.eu\/?page_id=9\">Continue reading<\/a><\/p>\n","protected":false},"author":1,"featured_media":41,"parent":0,"menu_order":0,"comment_status":"closed","ping_status":"closed","template":"","meta":{"_monsterinsights_skip_tracking":false,"_monsterinsights_sitenote_active":false,"_monsterinsights_sitenote_note":"","_monsterinsights_sitenote_category":0},"_links":{"self":[{"href":"https:\/\/szkolka-roslin.eu\/index.php?rest_route=\/wp\/v2\/pages\/9"}],"collection":[{"href":"https:\/\/szkolka-roslin.eu\/index.php?rest_route=\/wp\/v2\/pages"}],"about":[{"href":"https:\/\/szkolka-roslin.eu\/index.php?rest_route=\/wp\/v2\/types\/page"}],"author":[{"embeddable":true,"href":"https:\/\/szkolka-roslin.eu\/index.php?rest_route=\/wp\/v2\/users\/1"}],"replies":[{"embeddable":true,"href":"https:\/\/szkolka-roslin.eu\/index.php?rest_route=%2Fwp%2Fv2%2Fcomments&post=9"}],"version-history":[{"count":11,"href":"https:\/\/szkolka-roslin.eu\/index.php?rest_route=\/wp\/v2\/pages\/9\/revisions"}],"predecessor-version":[{"id":216,"href":"https:\/\/szkolka-roslin.eu\/index.php?rest_route=\/wp\/v2\/pages\/9\/revisions\/216"}],"wp:featuredmedia":[{"embeddable":true,"href":"https:\/\/szkolka-roslin.eu\/index.php?rest_route=\/wp\/v2\/media\/41"}],"wp:attachment":[{"href":"https:\/\/szkolka-roslin.eu\/index.php?rest_route=%2Fwp%2Fv2%2Fmedia&parent=9"}],"curies":[{"name":"wp","href":"https:\/\/api.w.org\/{rel}","templated":true}]}}